{"id":438,"date":"2017-05-15T13:45:32","date_gmt":"2017-05-15T13:45:32","guid":{"rendered":"http:\/\/www.la-palma24.com\/blog\/?page_id=438"},"modified":"2017-05-15T13:45:32","modified_gmt":"2017-05-15T13:45:32","slug":"navigationssystem","status":"publish","type":"page","link":"https:\/\/www.la-palma24.com\/blog\/navigationssystem\/","title":{"rendered":"GPS Navigation um die Insel zu erkunden"},"content":{"rendered":"<p>Mit dem Tom Tom Naviationssystem sicher zum Ziel navigieren.<\/p>\n<p>Unsere TomTom Navigationssysteme sind immer aktuell und mit den neuesten Karten ausgestattet. Sie k\u00f6nnen das TomTom unabh\u00e4ngig vom Mietwagen buchen. Unser freundliches Team erkl\u00e4rt Ihnen gerne bei der \u00dcbergabe die Funktionsweise des Ger\u00e4tes.<\/p>\n<p>Gerne lassen wir Ihnen ein Angebot zukommen, senden Sie uns bitte eine Email an <a href=\"mailto:auto@la-palma24.net\">auto@la-palma24.net<\/a>.<\/p>\n<p>F\u00fcr eine pers\u00f6nliche Beratung sind wir unter der deutschen Telefonnummer +49 711 21 72 02 48 oder der spanischen Rufnummer unter +34 922 46 18 19 erreichbar. Wir freuen uns auf Ihre Anfrage!<\/p>\n","protected":false},"excerpt":{"rendered":"<p>Mit dem Tom Tom Naviationssystem sicher zum Ziel navigieren. Unsere TomTom Navigationssysteme sind immer aktuell und mit den neuesten Karten ausgestattet. Sie k\u00f6nnen das TomTom unabh\u00e4ngig vom Mietwagen buchen. Unser freundliches Team erkl\u00e4rt Ihnen gerne bei der \u00dcbergabe die Funktionsweise des Ger\u00e4tes. Gerne lassen wir Ihnen ein Angebot zukommen, senden Sie uns bitte eine Email <a class=\"more-link\" href=\"https:\/\/www.la-palma24.com\/blog\/navigationssystem\/\">weiterlesen&#8230;<\/a><\/p>\n","protected":false},"author":1,"featured_media":0,"parent":0,"menu_order":0,"comment_status":"closed","ping_status":"closed","template":"","meta":{"footnotes":""},"yoast_head":"<!-- This site is optimized with the Yoast SEO plugin v22.2 - https:\/\/yoast.com\/wordpress\/plugins\/seo\/ -->\n<title>aktutelle Strassenkarten f\u00fcr die Kanarischen Inseln<\/title>\n<meta name=\"description\" content=\"GPS Navigationsystem f\u00fcr La Palma - aktuelle Strassenkarten f\u00fcr alle kanarischen Inseln - Erkunden Sie La Palma mit dem Tom Tom Navigationssystem -\" \/>\n<meta name=\"robots\" content=\"index, follow, max-snippet:-1, max-image-preview:large, max-video-preview:-1\" \/>\n<link rel=\"canonical\" href=\"https:\/\/www.la-palma24.com\/blog\/navigationssystem\/\" \/>\n<meta property=\"og:locale\" content=\"de_DE\" \/>\n<meta property=\"og:type\" content=\"article\" \/>\n<meta property=\"og:title\" content=\"aktutelle Strassenkarten f\u00fcr die Kanarischen Inseln\" \/>\n<meta property=\"og:description\" content=\"GPS Navigationsystem f\u00fcr La Palma - aktuelle Strassenkarten f\u00fcr alle kanarischen Inseln - Erkunden Sie La Palma mit dem Tom Tom Navigationssystem -\" \/>\n<meta property=\"og:url\" content=\"https:\/\/www.la-palma24.com\/blog\/navigationssystem\/\" \/>\n<meta property=\"og:site_name\" content=\"La Palma Autovermietung - aktuelle Infos und Tipps f\u00fcr Ihren Urlaub\" \/>\n<meta name=\"twitter:card\" content=\"summary_large_image\" \/>\n<script type=\"application\/ld+json\" class=\"yoast-schema-graph\">{\"@context\":\"https:\/\/schema.org\",\"@graph\":[{\"@type\":\"WebPage\",\"@id\":\"https:\/\/www.la-palma24.com\/blog\/navigationssystem\/\",\"url\":\"https:\/\/www.la-palma24.com\/blog\/navigationssystem\/\",\"name\":\"aktutelle Strassenkarten f\u00fcr die Kanarischen Inseln\",\"isPartOf\":{\"@id\":\"https:\/\/www.la-palma24.com\/blog\/#website\"},\"datePublished\":\"2017-05-15T13:45:32+00:00\",\"dateModified\":\"2017-05-15T13:45:32+00:00\",\"description\":\"GPS Navigationsystem f\u00fcr La Palma - aktuelle Strassenkarten f\u00fcr alle kanarischen Inseln - Erkunden Sie La Palma mit dem Tom Tom Navigationssystem -\",\"breadcrumb\":{\"@id\":\"https:\/\/www.la-palma24.com\/blog\/navigationssystem\/#breadcrumb\"},\"inLanguage\":\"de-DE\",\"potentialAction\":[{\"@type\":\"ReadAction\",\"target\":[\"https:\/\/www.la-palma24.com\/blog\/navigationssystem\/\"]}]},{\"@type\":\"BreadcrumbList\",\"@id\":\"https:\/\/www.la-palma24.com\/blog\/navigationssystem\/#breadcrumb\",\"itemListElement\":[{\"@type\":\"ListItem\",\"position\":1,\"name\":\"Startseite\",\"item\":\"https:\/\/www.la-palma24.com\/blog\/\"},{\"@type\":\"ListItem\",\"position\":2,\"name\":\"GPS Navigation um die Insel zu erkunden\"}]},{\"@type\":\"WebSite\",\"@id\":\"https:\/\/www.la-palma24.com\/blog\/#website\",\"url\":\"https:\/\/www.la-palma24.com\/blog\/\",\"name\":\"La Palma Autovermietung - aktuelle Infos und Tipps f\u00fcr Ihren Urlaub\",\"description\":\"La Palma Blog f\u00fcr Mietwagen und Motorr\u00e4der. Hier finden Sie stets aktuelle Sonderangebote unserer Fahrzeuge sowie aktuelle und wichtige Hinweise f\u00fcr Ihren La Palma Urlaub.\",\"publisher\":{\"@id\":\"https:\/\/www.la-palma24.com\/blog\/#organization\"},\"potentialAction\":[{\"@type\":\"SearchAction\",\"target\":{\"@type\":\"EntryPoint\",\"urlTemplate\":\"https:\/\/www.la-palma24.com\/blog\/?s={search_term_string}\"},\"query-input\":\"required name=search_term_string\"}],\"inLanguage\":\"de-DE\"},{\"@type\":\"Organization\",\"@id\":\"https:\/\/www.la-palma24.com\/blog\/#organization\",\"name\":\"La Palma Autovermietung - aktuelle Infos und Tipps f\u00fcr Ihren Urlaub\",\"url\":\"https:\/\/www.la-palma24.com\/blog\/\",\"logo\":{\"@type\":\"ImageObject\",\"inLanguage\":\"de-DE\",\"@id\":\"https:\/\/www.la-palma24.com\/blog\/#\/schema\/logo\/image\/\",\"url\":\"https:\/\/www.la-palma24.com\/blog\/wp-content\/uploads\/2017\/05\/cropped-Logo-Lapalma24-rentacar.png\",\"contentUrl\":\"https:\/\/www.la-palma24.com\/blog\/wp-content\/uploads\/2017\/05\/cropped-Logo-Lapalma24-rentacar.png\",\"width\":200,\"height\":137,\"caption\":\"La Palma Autovermietung - aktuelle Infos und Tipps f\u00fcr Ihren Urlaub\"},\"image\":{\"@id\":\"https:\/\/www.la-palma24.com\/blog\/#\/schema\/logo\/image\/\"}}]}<\/script>\n<!-- \/ Yoast SEO plugin. -->","yoast_head_json":{"title":"aktutelle Strassenkarten f\u00fcr die Kanarischen Inseln","description":"GPS Navigationsystem f\u00fcr La Palma - aktuelle Strassenkarten f\u00fcr alle kanarischen Inseln - Erkunden Sie La Palma mit dem Tom Tom Navigationssystem -","robots":{"index":"index","follow":"follow","max-snippet":"max-snippet:-1","max-image-preview":"max-image-preview:large","max-video-preview":"max-video-preview:-1"},"canonical":"https:\/\/www.la-palma24.com\/blog\/navigationssystem\/","og_locale":"de_DE","og_type":"article","og_title":"aktutelle Strassenkarten f\u00fcr die Kanarischen Inseln","og_description":"GPS Navigationsystem f\u00fcr La Palma - aktuelle Strassenkarten f\u00fcr alle kanarischen Inseln - Erkunden Sie La Palma mit dem Tom Tom Navigationssystem -","og_url":"https:\/\/www.la-palma24.com\/blog\/navigationssystem\/","og_site_name":"La Palma Autovermietung - aktuelle Infos und Tipps f\u00fcr Ihren Urlaub","twitter_card":"summary_large_image","schema":{"@context":"https:\/\/schema.org","@graph":[{"@type":"WebPage","@id":"https:\/\/www.la-palma24.com\/blog\/navigationssystem\/","url":"https:\/\/www.la-palma24.com\/blog\/navigationssystem\/","name":"aktutelle Strassenkarten f\u00fcr die Kanarischen Inseln","isPartOf":{"@id":"https:\/\/www.la-palma24.com\/blog\/#website"},"datePublished":"2017-05-15T13:45:32+00:00","dateModified":"2017-05-15T13:45:32+00:00","description":"GPS Navigationsystem f\u00fcr La Palma - aktuelle Strassenkarten f\u00fcr alle kanarischen Inseln - Erkunden Sie La Palma mit dem Tom Tom Navigationssystem -","breadcrumb":{"@id":"https:\/\/www.la-palma24.com\/blog\/navigationssystem\/#breadcrumb"},"inLanguage":"de-DE","potentialAction":[{"@type":"ReadAction","target":["https:\/\/www.la-palma24.com\/blog\/navigationssystem\/"]}]},{"@type":"BreadcrumbList","@id":"https:\/\/www.la-palma24.com\/blog\/navigationssystem\/#breadcrumb","itemListElement":[{"@type":"ListItem","position":1,"name":"Startseite","item":"https:\/\/www.la-palma24.com\/blog\/"},{"@type":"ListItem","position":2,"name":"GPS Navigation um die Insel zu erkunden"}]},{"@type":"WebSite","@id":"https:\/\/www.la-palma24.com\/blog\/#website","url":"https:\/\/www.la-palma24.com\/blog\/","name":"La Palma Autovermietung - aktuelle Infos und Tipps f\u00fcr Ihren Urlaub","description":"La Palma Blog f\u00fcr Mietwagen und Motorr\u00e4der. Hier finden Sie stets aktuelle Sonderangebote unserer Fahrzeuge sowie aktuelle und wichtige Hinweise f\u00fcr Ihren La Palma Urlaub.","publisher":{"@id":"https:\/\/www.la-palma24.com\/blog\/#organization"},"potentialAction":[{"@type":"SearchAction","target":{"@type":"EntryPoint","urlTemplate":"https:\/\/www.la-palma24.com\/blog\/?s={search_term_string}"},"query-input":"required name=search_term_string"}],"inLanguage":"de-DE"},{"@type":"Organization","@id":"https:\/\/www.la-palma24.com\/blog\/#organization","name":"La Palma Autovermietung - aktuelle Infos und Tipps f\u00fcr Ihren Urlaub","url":"https:\/\/www.la-palma24.com\/blog\/","logo":{"@type":"ImageObject","inLanguage":"de-DE","@id":"https:\/\/www.la-palma24.com\/blog\/#\/schema\/logo\/image\/","url":"https:\/\/www.la-palma24.com\/blog\/wp-content\/uploads\/2017\/05\/cropped-Logo-Lapalma24-rentacar.png","contentUrl":"https:\/\/www.la-palma24.com\/blog\/wp-content\/uploads\/2017\/05\/cropped-Logo-Lapalma24-rentacar.png","width":200,"height":137,"caption":"La Palma Autovermietung - aktuelle Infos und Tipps f\u00fcr Ihren Urlaub"},"image":{"@id":"https:\/\/www.la-palma24.com\/blog\/#\/schema\/logo\/image\/"}}]}},"_links":{"self":[{"href":"https:\/\/www.la-palma24.com\/blog\/wp-json\/wp\/v2\/pages\/438"}],"collection":[{"href":"https:\/\/www.la-palma24.com\/blog\/wp-json\/wp\/v2\/pages"}],"about":[{"href":"https:\/\/www.la-palma24.com\/blog\/wp-json\/wp\/v2\/types\/page"}],"author":[{"embeddable":true,"href":"https:\/\/www.la-palma24.com\/blog\/wp-json\/wp\/v2\/users\/1"}],"replies":[{"embeddable":true,"href":"https:\/\/www.la-palma24.com\/blog\/wp-json\/wp\/v2\/comments?post=438"}],"version-history":[{"count":0,"href":"https:\/\/www.la-palma24.com\/blog\/wp-json\/wp\/v2\/pages\/438\/revisions"}],"wp:attachment":[{"href":"https:\/\/www.la-palma24.com\/blog\/wp-json\/wp\/v2\/media?parent=438"}],"curies":[{"name":"wp","href":"https:\/\/api.w.org\/{rel}","templated":true}]}}