{"id":36,"date":"2017-05-05T08:42:23","date_gmt":"2017-05-05T08:42:23","guid":{"rendered":"http:\/\/www.la-palma24.com\/blog\/?page_id=36"},"modified":"2026-01-29T14:26:24","modified_gmt":"2026-01-29T14:26:24","slug":"kontakt","status":"publish","type":"page","link":"https:\/\/www.la-palma24.com\/blog\/kontakt\/","title":{"rendered":"Kontakt"},"content":{"rendered":"<div  class=\"lgc-column lgc-grid-parent lgc-grid-33 lgc-tablet-grid-33 lgc-mobile-grid-100 lgc-equal-heights \"><div  class=\"inside-grid-column\"><br \/>\n<strong>Adresse:<\/strong><br \/>\nC. Fern\u00e1ndez Ta\u00f1o, 5<br \/>\n38760 &#8211; Los Llanos<br \/>\nLa Palma &#8211; Kanarische Inseln<br \/>\n<\/div><\/div>\n<div  class=\"lgc-column lgc-grid-parent lgc-grid-33 lgc-tablet-grid-33 lgc-mobile-grid-100 lgc-equal-heights \"><div  class=\"inside-grid-column\"><br \/>\n<strong>Telefon:<\/strong><br \/>\n<a href=\"tel:\/\/922461819\">(+34) 922 46 18 19<\/a><br \/>\n<strong>Handy<\/strong><br \/>\n<a href=\"tel:\/\/626842222\">(+34) 626 84 22 22<\/a><br \/>\n<\/div><\/div>\n<div  class=\"lgc-column lgc-grid-parent lgc-grid-33 lgc-tablet-grid-33 lgc-mobile-grid-100 lgc-equal-heights \"><div  class=\"inside-grid-column\"><br \/>\n<strong>E-mail:<\/strong><br \/>\n<a href=\"mailto:auto@la-palma24.net\">auto@la-palma24.net<\/a><br \/>\n<\/div><\/div>\n<p><iframe loading=\"lazy\" style=\"border: 0;\" src=\"https:\/\/www.google.com\/maps\/embed?pb=!1m18!1m12!1m3!1d56036.84705115926!2d-17.937620593341222!3d28.620681372132427!2m3!1f0!2f0!3f0!3m2!1i1024!2i768!4f13.1!3m3!1m2!1s0xc6bf2fe2d2b3ce7%3A0xf0d2565b8a282200!2sLa+Palma+24!5e0!3m2!1ses!2ses!4v1493989163050\" width=\"100%\" height=\"450\" frameborder=\"0\" allowfullscreen=\"allowfullscreen\"><\/iframe><\/p>\n","protected":false},"excerpt":{"rendered":"","protected":false},"author":1,"featured_media":0,"parent":0,"menu_order":0,"comment_status":"closed","ping_status":"closed","template":"","meta":{"footnotes":""},"yoast_head":"<!-- This site is optimized with the Yoast SEO plugin v22.2 - https:\/\/yoast.com\/wordpress\/plugins\/seo\/ -->\n<title>Kontakt | La Palma Autovermietung - aktuelle Infos und Tipps f\u00fcr Ihren Urlaub<\/title>\n<meta name=\"robots\" content=\"index, follow, max-snippet:-1, max-image-preview:large, max-video-preview:-1\" \/>\n<link rel=\"canonical\" href=\"https:\/\/www.la-palma24.com\/blog\/kontakt\/\" \/>\n<meta property=\"og:locale\" content=\"de_DE\" \/>\n<meta property=\"og:type\" content=\"article\" \/>\n<meta property=\"og:title\" content=\"Kontakt | La Palma Autovermietung - aktuelle Infos und Tipps f\u00fcr Ihren Urlaub\" \/>\n<meta property=\"og:url\" content=\"https:\/\/www.la-palma24.com\/blog\/kontakt\/\" \/>\n<meta property=\"og:site_name\" content=\"La Palma Autovermietung - aktuelle Infos und Tipps f\u00fcr Ihren Urlaub\" \/>\n<meta property=\"article:modified_time\" content=\"2026-01-29T14:26:24+00:00\" \/>\n<meta name=\"twitter:card\" content=\"summary_large_image\" \/>\n<meta name=\"twitter:label1\" content=\"Gesch\u00e4tzte Lesezeit\" \/>\n\t<meta name=\"twitter:data1\" content=\"1 Minute\" \/>\n<script type=\"application\/ld+json\" class=\"yoast-schema-graph\">{\"@context\":\"https:\/\/schema.org\",\"@graph\":[{\"@type\":\"WebPage\",\"@id\":\"https:\/\/www.la-palma24.com\/blog\/kontakt\/\",\"url\":\"https:\/\/www.la-palma24.com\/blog\/kontakt\/\",\"name\":\"Kontakt | La Palma Autovermietung - aktuelle Infos und Tipps f\u00fcr Ihren Urlaub\",\"isPartOf\":{\"@id\":\"https:\/\/www.la-palma24.com\/blog\/#website\"},\"datePublished\":\"2017-05-05T08:42:23+00:00\",\"dateModified\":\"2026-01-29T14:26:24+00:00\",\"breadcrumb\":{\"@id\":\"https:\/\/www.la-palma24.com\/blog\/kontakt\/#breadcrumb\"},\"inLanguage\":\"de-DE\",\"potentialAction\":[{\"@type\":\"ReadAction\",\"target\":[\"https:\/\/www.la-palma24.com\/blog\/kontakt\/\"]}]},{\"@type\":\"BreadcrumbList\",\"@id\":\"https:\/\/www.la-palma24.com\/blog\/kontakt\/#breadcrumb\",\"itemListElement\":[{\"@type\":\"ListItem\",\"position\":1,\"name\":\"Startseite\",\"item\":\"https:\/\/www.la-palma24.com\/blog\/\"},{\"@type\":\"ListItem\",\"position\":2,\"name\":\"Kontakt\"}]},{\"@type\":\"WebSite\",\"@id\":\"https:\/\/www.la-palma24.com\/blog\/#website\",\"url\":\"https:\/\/www.la-palma24.com\/blog\/\",\"name\":\"La Palma Autovermietung - aktuelle Infos und Tipps f\u00fcr Ihren Urlaub\",\"description\":\"La Palma Blog f\u00fcr Mietwagen und Motorr\u00e4der. Hier finden Sie stets aktuelle Sonderangebote unserer Fahrzeuge sowie aktuelle und wichtige Hinweise f\u00fcr Ihren La Palma Urlaub.\",\"publisher\":{\"@id\":\"https:\/\/www.la-palma24.com\/blog\/#organization\"},\"potentialAction\":[{\"@type\":\"SearchAction\",\"target\":{\"@type\":\"EntryPoint\",\"urlTemplate\":\"https:\/\/www.la-palma24.com\/blog\/?s={search_term_string}\"},\"query-input\":\"required name=search_term_string\"}],\"inLanguage\":\"de-DE\"},{\"@type\":\"Organization\",\"@id\":\"https:\/\/www.la-palma24.com\/blog\/#organization\",\"name\":\"La Palma Autovermietung - aktuelle Infos und Tipps f\u00fcr Ihren Urlaub\",\"url\":\"https:\/\/www.la-palma24.com\/blog\/\",\"logo\":{\"@type\":\"ImageObject\",\"inLanguage\":\"de-DE\",\"@id\":\"https:\/\/www.la-palma24.com\/blog\/#\/schema\/logo\/image\/\",\"url\":\"https:\/\/www.la-palma24.com\/blog\/wp-content\/uploads\/2017\/05\/cropped-Logo-Lapalma24-rentacar.png\",\"contentUrl\":\"https:\/\/www.la-palma24.com\/blog\/wp-content\/uploads\/2017\/05\/cropped-Logo-Lapalma24-rentacar.png\",\"width\":200,\"height\":137,\"caption\":\"La Palma Autovermietung - aktuelle Infos und Tipps f\u00fcr Ihren Urlaub\"},\"image\":{\"@id\":\"https:\/\/www.la-palma24.com\/blog\/#\/schema\/logo\/image\/\"}}]}<\/script>\n<!-- \/ Yoast SEO plugin. -->","yoast_head_json":{"title":"Kontakt | La Palma Autovermietung - aktuelle Infos und Tipps f\u00fcr Ihren Urlaub","robots":{"index":"index","follow":"follow","max-snippet":"max-snippet:-1","max-image-preview":"max-image-preview:large","max-video-preview":"max-video-preview:-1"},"canonical":"https:\/\/www.la-palma24.com\/blog\/kontakt\/","og_locale":"de_DE","og_type":"article","og_title":"Kontakt | La Palma Autovermietung - aktuelle Infos und Tipps f\u00fcr Ihren Urlaub","og_url":"https:\/\/www.la-palma24.com\/blog\/kontakt\/","og_site_name":"La Palma Autovermietung - aktuelle Infos und Tipps f\u00fcr Ihren Urlaub","article_modified_time":"2026-01-29T14:26:24+00:00","twitter_card":"summary_large_image","twitter_misc":{"Gesch\u00e4tzte Lesezeit":"1 Minute"},"schema":{"@context":"https:\/\/schema.org","@graph":[{"@type":"WebPage","@id":"https:\/\/www.la-palma24.com\/blog\/kontakt\/","url":"https:\/\/www.la-palma24.com\/blog\/kontakt\/","name":"Kontakt | La Palma Autovermietung - aktuelle Infos und Tipps f\u00fcr Ihren Urlaub","isPartOf":{"@id":"https:\/\/www.la-palma24.com\/blog\/#website"},"datePublished":"2017-05-05T08:42:23+00:00","dateModified":"2026-01-29T14:26:24+00:00","breadcrumb":{"@id":"https:\/\/www.la-palma24.com\/blog\/kontakt\/#breadcrumb"},"inLanguage":"de-DE","potentialAction":[{"@type":"ReadAction","target":["https:\/\/www.la-palma24.com\/blog\/kontakt\/"]}]},{"@type":"BreadcrumbList","@id":"https:\/\/www.la-palma24.com\/blog\/kontakt\/#breadcrumb","itemListElement":[{"@type":"ListItem","position":1,"name":"Startseite","item":"https:\/\/www.la-palma24.com\/blog\/"},{"@type":"ListItem","position":2,"name":"Kontakt"}]},{"@type":"WebSite","@id":"https:\/\/www.la-palma24.com\/blog\/#website","url":"https:\/\/www.la-palma24.com\/blog\/","name":"La Palma Autovermietung - aktuelle Infos und Tipps f\u00fcr Ihren Urlaub","description":"La Palma Blog f\u00fcr Mietwagen und Motorr\u00e4der. Hier finden Sie stets aktuelle Sonderangebote unserer Fahrzeuge sowie aktuelle und wichtige Hinweise f\u00fcr Ihren La Palma Urlaub.","publisher":{"@id":"https:\/\/www.la-palma24.com\/blog\/#organization"},"potentialAction":[{"@type":"SearchAction","target":{"@type":"EntryPoint","urlTemplate":"https:\/\/www.la-palma24.com\/blog\/?s={search_term_string}"},"query-input":"required name=search_term_string"}],"inLanguage":"de-DE"},{"@type":"Organization","@id":"https:\/\/www.la-palma24.com\/blog\/#organization","name":"La Palma Autovermietung - aktuelle Infos und Tipps f\u00fcr Ihren Urlaub","url":"https:\/\/www.la-palma24.com\/blog\/","logo":{"@type":"ImageObject","inLanguage":"de-DE","@id":"https:\/\/www.la-palma24.com\/blog\/#\/schema\/logo\/image\/","url":"https:\/\/www.la-palma24.com\/blog\/wp-content\/uploads\/2017\/05\/cropped-Logo-Lapalma24-rentacar.png","contentUrl":"https:\/\/www.la-palma24.com\/blog\/wp-content\/uploads\/2017\/05\/cropped-Logo-Lapalma24-rentacar.png","width":200,"height":137,"caption":"La Palma Autovermietung - aktuelle Infos und Tipps f\u00fcr Ihren Urlaub"},"image":{"@id":"https:\/\/www.la-palma24.com\/blog\/#\/schema\/logo\/image\/"}}]}},"_links":{"self":[{"href":"https:\/\/www.la-palma24.com\/blog\/wp-json\/wp\/v2\/pages\/36"}],"collection":[{"href":"https:\/\/www.la-palma24.com\/blog\/wp-json\/wp\/v2\/pages"}],"about":[{"href":"https:\/\/www.la-palma24.com\/blog\/wp-json\/wp\/v2\/types\/page"}],"author":[{"embeddable":true,"href":"https:\/\/www.la-palma24.com\/blog\/wp-json\/wp\/v2\/users\/1"}],"replies":[{"embeddable":true,"href":"https:\/\/www.la-palma24.com\/blog\/wp-json\/wp\/v2\/comments?post=36"}],"version-history":[{"count":2,"href":"https:\/\/www.la-palma24.com\/blog\/wp-json\/wp\/v2\/pages\/36\/revisions"}],"predecessor-version":[{"id":1459,"href":"https:\/\/www.la-palma24.com\/blog\/wp-json\/wp\/v2\/pages\/36\/revisions\/1459"}],"wp:attachment":[{"href":"https:\/\/www.la-palma24.com\/blog\/wp-json\/wp\/v2\/media?parent=36"}],"curies":[{"name":"wp","href":"https:\/\/api.w.org\/{rel}","templated":true}]}}