{"id":194,"date":"2017-05-08T13:22:06","date_gmt":"2017-05-08T13:22:06","guid":{"rendered":"http:\/\/www.la-palma24.com\/blog\/?page_id=194"},"modified":"2017-05-10T12:53:09","modified_gmt":"2017-05-10T12:53:09","slug":"cookies","status":"publish","type":"page","link":"https:\/\/www.la-palma24.com\/blog\/cookies\/","title":{"rendered":"Cookies"},"content":{"rendered":"<h2 class=\"title\"><span style=\"font-size: 14pt;\">1. POL\u00cdTICA DE COOKIES<\/span><\/h2>\n<div class=\"info_wrapper\">\n<p>La web de La Palma 24, utiliza cookies propias y de terceros con el objeto de mejorar la usabilidad y la experiencia del usuario y obtener estad\u00edsticas de tr\u00e1fico, dichas cookies se alojan en su navegador. Si usted lo desea puede eliminar las cookies de su navegador, para ello puede valerse de los enlaces del apartado 2.2.<\/p>\n<h2 class=\"title\"><span style=\"font-size: 14pt;\">1.1 DEFINICION Y FUNCION DE LAS COOKIES<\/span><\/h2>\n<p>Una cookie es un fichero que se descarga en tu ordenador o terminal al acceder a nuestra p\u00e1gina web. Las cookies nos permiten, entre otras cosas, almacenar y recuperar informaci\u00f3n sobre los h\u00e1bitos de navegaci\u00f3n de un usuario o de su equipo y, dependiendo de la informaci\u00f3n que contengan y de la forma en que utilice su equipo, pueden utilizarse para reconocer al usuario. \u00bfQu\u00e9 tipos de cookies utiliza nuestra p\u00e1gina web?<\/p>\n<p>&#8211; Cookies propias: Son aqu\u00e9llas que enviamos a tu ordenador o terminal desde nuestra p\u00e1gina web.<\/p>\n<p>&#8211; Cookies de terceros: Son aqu\u00e9llas que se env\u00edan a tu ordenador o terminal desde un dominio o una p\u00e1gina web que no es gestionada por nosotros, sino por otra entidad que trata los datos obtenidos trav\u00e9s de las cookies.<\/p>\n<p>&#8211; Cookies de sesi\u00f3n: Son un tipo de cookies dise\u00f1adas para recabar y almacenar datos mientras accedes a nuestra web.<\/p>\n<p>&#8211; Cookies de an\u00e1lisis: Son aqu\u00e9llas que bien tratadas por nosotros o por terceros, nos permiten cuantificar el n\u00famero de usuarios y realizar la medici\u00f3n y an\u00e1lisis estad\u00edstico de la utilizaci\u00f3n que hacen los usuarios de nuestra web. Para ello analizamos la navegaci\u00f3n en nuestra p\u00e1gina web con el fin de mejorar la oferta de productos o servicios que ofrecemos.<\/p>\n<h2 class=\"title\"><span style=\"font-size: 14pt;\">1.2 ADMINISTRACION DE LAS COOKIES<\/span><\/h2>\n<p>Puedes permitir, bloquear o eliminar las cookies instaladas en tu ordenador mediante la configuraci\u00f3n de las opciones del navegador instalado en tu ordenador.<\/p>\n<p>Firefox<br \/>\n<a href=\"https:\/\/support.mozilla.org\/es\/kb\/habilitar-y-deshabilitar-cookies-sitios-web-rastrear-preferencias\" target=\"_blank\" rel=\"nofollow noopener noreferrer\">https:\/\/support.mozilla.org\/es\/kb\/habilitar-y-deshabilitar-cookies-sitios-web-rastrear-preferencias<\/a><\/p>\n<p>Google Chrome<br \/>\n<a href=\"http:\/\/support.google.com\/chrome\/bin\/answer.py?hl=es&amp;answer=95647\" target=\"_blank\" rel=\"nofollow noopener noreferrer\">http:\/\/support.google.com\/chrome\/bin\/answer.py?hl=es&amp;answer=95647<\/a><\/p>\n<p>Microsoft Edge<br \/>\n<a href=\"https:\/\/privacy.microsoft.com\/es-ES\/windows-10-microsoft-edge-and-privacy\" target=\"_blank\" rel=\"nofollow noopener noreferrer\">https:\/\/privacy.microsoft.com\/es-ES\/windows-10-microsoft-edge-and-privacy<\/a><\/p>\n<p>Opera<br \/>\n<a href=\"http:\/\/help.opera.com\/Windows\/12.00\/es-ES\/cookies.html\" target=\"_blank\" rel=\"nofollow noopener noreferrer\">http:\/\/help.opera.com\/Windows\/12.00\/es-ES\/cookies.html<\/a><\/p>\n<h2 class=\"title\"><span style=\"font-size: 14pt;\">1.3 USO DE COOKIES (Posibles Cookies de Terceros)<\/span><\/h2>\n<p>Las cookies que usamos son:<\/p>\n<p>&#8211; Cookies propias, las usamos principalmente para mostrar mensajes en la web. Tambi\u00e9n son usadas para el control de una sesi\u00f3n de chat.<\/p>\n<p>&#8211; Cookies de terceros, (Google Inc.). Estas se usan para recopilar informacion de trafico web con el unico objetivo de tener estadisticas de visitantes en la web<\/p>\n<\/div>\n","protected":false},"excerpt":{"rendered":"<p>1. POL\u00cdTICA DE COOKIES La web de La Palma 24, utiliza cookies propias y de terceros con el objeto de mejorar la usabilidad y la experiencia del usuario y obtener estad\u00edsticas de tr\u00e1fico, dichas cookies se alojan en su navegador. Si usted lo desea puede eliminar las cookies de su navegador, para ello puede valerse <a class=\"more-link\" href=\"https:\/\/www.la-palma24.com\/blog\/cookies\/\">weiterlesen&#8230;<\/a><\/p>\n","protected":false},"author":1,"featured_media":0,"parent":0,"menu_order":0,"comment_status":"closed","ping_status":"closed","template":"","meta":{"footnotes":""},"yoast_head":"<!-- This site is optimized with the Yoast SEO plugin v22.2 - https:\/\/yoast.com\/wordpress\/plugins\/seo\/ -->\n<title>Informaci\u00f3n sobre el uso de Cookies | La Palma Blog<\/title>\n<meta name=\"description\" content=\"Detalles sobre las cookies de los navegadores webs y como las usamos para mejorar la experiencia de los usuarios en la web.\" \/>\n<meta name=\"robots\" content=\"index, follow, max-snippet:-1, max-image-preview:large, max-video-preview:-1\" \/>\n<link rel=\"canonical\" href=\"https:\/\/www.la-palma24.com\/blog\/cookies\/\" \/>\n<meta property=\"og:locale\" content=\"de_DE\" \/>\n<meta property=\"og:type\" content=\"article\" \/>\n<meta property=\"og:title\" content=\"Informaci\u00f3n sobre el uso de Cookies | La Palma Blog\" \/>\n<meta property=\"og:description\" content=\"Detalles sobre las cookies de los navegadores webs y como las usamos para mejorar la experiencia de los usuarios en la web.\" \/>\n<meta property=\"og:url\" content=\"https:\/\/www.la-palma24.com\/blog\/cookies\/\" \/>\n<meta property=\"og:site_name\" content=\"La Palma Autovermietung - aktuelle Infos und Tipps f\u00fcr Ihren Urlaub\" \/>\n<meta property=\"article:modified_time\" content=\"2017-05-10T12:53:09+00:00\" \/>\n<meta name=\"twitter:card\" content=\"summary_large_image\" \/>\n<meta name=\"twitter:label1\" content=\"Gesch\u00e4tzte Lesezeit\" \/>\n\t<meta name=\"twitter:data1\" content=\"2 Minuten\" \/>\n<script type=\"application\/ld+json\" class=\"yoast-schema-graph\">{\"@context\":\"https:\/\/schema.org\",\"@graph\":[{\"@type\":\"WebPage\",\"@id\":\"https:\/\/www.la-palma24.com\/blog\/cookies\/\",\"url\":\"https:\/\/www.la-palma24.com\/blog\/cookies\/\",\"name\":\"Informaci\u00f3n sobre el uso de Cookies | La Palma Blog\",\"isPartOf\":{\"@id\":\"https:\/\/www.la-palma24.com\/blog\/#website\"},\"datePublished\":\"2017-05-08T13:22:06+00:00\",\"dateModified\":\"2017-05-10T12:53:09+00:00\",\"description\":\"Detalles sobre las cookies de los navegadores webs y como las usamos para mejorar la experiencia de los usuarios en la web.\",\"breadcrumb\":{\"@id\":\"https:\/\/www.la-palma24.com\/blog\/cookies\/#breadcrumb\"},\"inLanguage\":\"de-DE\",\"potentialAction\":[{\"@type\":\"ReadAction\",\"target\":[\"https:\/\/www.la-palma24.com\/blog\/cookies\/\"]}]},{\"@type\":\"BreadcrumbList\",\"@id\":\"https:\/\/www.la-palma24.com\/blog\/cookies\/#breadcrumb\",\"itemListElement\":[{\"@type\":\"ListItem\",\"position\":1,\"name\":\"Startseite\",\"item\":\"https:\/\/www.la-palma24.com\/blog\/\"},{\"@type\":\"ListItem\",\"position\":2,\"name\":\"Cookies\"}]},{\"@type\":\"WebSite\",\"@id\":\"https:\/\/www.la-palma24.com\/blog\/#website\",\"url\":\"https:\/\/www.la-palma24.com\/blog\/\",\"name\":\"La Palma Autovermietung - aktuelle Infos und Tipps f\u00fcr Ihren Urlaub\",\"description\":\"La Palma Blog f\u00fcr Mietwagen und Motorr\u00e4der. Hier finden Sie stets aktuelle Sonderangebote unserer Fahrzeuge sowie aktuelle und wichtige Hinweise f\u00fcr Ihren La Palma Urlaub.\",\"publisher\":{\"@id\":\"https:\/\/www.la-palma24.com\/blog\/#organization\"},\"potentialAction\":[{\"@type\":\"SearchAction\",\"target\":{\"@type\":\"EntryPoint\",\"urlTemplate\":\"https:\/\/www.la-palma24.com\/blog\/?s={search_term_string}\"},\"query-input\":\"required name=search_term_string\"}],\"inLanguage\":\"de-DE\"},{\"@type\":\"Organization\",\"@id\":\"https:\/\/www.la-palma24.com\/blog\/#organization\",\"name\":\"La Palma Autovermietung - aktuelle Infos und Tipps f\u00fcr Ihren Urlaub\",\"url\":\"https:\/\/www.la-palma24.com\/blog\/\",\"logo\":{\"@type\":\"ImageObject\",\"inLanguage\":\"de-DE\",\"@id\":\"https:\/\/www.la-palma24.com\/blog\/#\/schema\/logo\/image\/\",\"url\":\"https:\/\/www.la-palma24.com\/blog\/wp-content\/uploads\/2017\/05\/cropped-Logo-Lapalma24-rentacar.png\",\"contentUrl\":\"https:\/\/www.la-palma24.com\/blog\/wp-content\/uploads\/2017\/05\/cropped-Logo-Lapalma24-rentacar.png\",\"width\":200,\"height\":137,\"caption\":\"La Palma Autovermietung - aktuelle Infos und Tipps f\u00fcr Ihren Urlaub\"},\"image\":{\"@id\":\"https:\/\/www.la-palma24.com\/blog\/#\/schema\/logo\/image\/\"}}]}<\/script>\n<!-- \/ Yoast SEO plugin. -->","yoast_head_json":{"title":"Informaci\u00f3n sobre el uso de Cookies | La Palma Blog","description":"Detalles sobre las cookies de los navegadores webs y como las usamos para mejorar la experiencia de los usuarios en la web.","robots":{"index":"index","follow":"follow","max-snippet":"max-snippet:-1","max-image-preview":"max-image-preview:large","max-video-preview":"max-video-preview:-1"},"canonical":"https:\/\/www.la-palma24.com\/blog\/cookies\/","og_locale":"de_DE","og_type":"article","og_title":"Informaci\u00f3n sobre el uso de Cookies | La Palma Blog","og_description":"Detalles sobre las cookies de los navegadores webs y como las usamos para mejorar la experiencia de los usuarios en la web.","og_url":"https:\/\/www.la-palma24.com\/blog\/cookies\/","og_site_name":"La Palma Autovermietung - aktuelle Infos und Tipps f\u00fcr Ihren Urlaub","article_modified_time":"2017-05-10T12:53:09+00:00","twitter_card":"summary_large_image","twitter_misc":{"Gesch\u00e4tzte Lesezeit":"2 Minuten"},"schema":{"@context":"https:\/\/schema.org","@graph":[{"@type":"WebPage","@id":"https:\/\/www.la-palma24.com\/blog\/cookies\/","url":"https:\/\/www.la-palma24.com\/blog\/cookies\/","name":"Informaci\u00f3n sobre el uso de Cookies | La Palma Blog","isPartOf":{"@id":"https:\/\/www.la-palma24.com\/blog\/#website"},"datePublished":"2017-05-08T13:22:06+00:00","dateModified":"2017-05-10T12:53:09+00:00","description":"Detalles sobre las cookies de los navegadores webs y como las usamos para mejorar la experiencia de los usuarios en la web.","breadcrumb":{"@id":"https:\/\/www.la-palma24.com\/blog\/cookies\/#breadcrumb"},"inLanguage":"de-DE","potentialAction":[{"@type":"ReadAction","target":["https:\/\/www.la-palma24.com\/blog\/cookies\/"]}]},{"@type":"BreadcrumbList","@id":"https:\/\/www.la-palma24.com\/blog\/cookies\/#breadcrumb","itemListElement":[{"@type":"ListItem","position":1,"name":"Startseite","item":"https:\/\/www.la-palma24.com\/blog\/"},{"@type":"ListItem","position":2,"name":"Cookies"}]},{"@type":"WebSite","@id":"https:\/\/www.la-palma24.com\/blog\/#website","url":"https:\/\/www.la-palma24.com\/blog\/","name":"La Palma Autovermietung - aktuelle Infos und Tipps f\u00fcr Ihren Urlaub","description":"La Palma Blog f\u00fcr Mietwagen und Motorr\u00e4der. Hier finden Sie stets aktuelle Sonderangebote unserer Fahrzeuge sowie aktuelle und wichtige Hinweise f\u00fcr Ihren La Palma Urlaub.","publisher":{"@id":"https:\/\/www.la-palma24.com\/blog\/#organization"},"potentialAction":[{"@type":"SearchAction","target":{"@type":"EntryPoint","urlTemplate":"https:\/\/www.la-palma24.com\/blog\/?s={search_term_string}"},"query-input":"required name=search_term_string"}],"inLanguage":"de-DE"},{"@type":"Organization","@id":"https:\/\/www.la-palma24.com\/blog\/#organization","name":"La Palma Autovermietung - aktuelle Infos und Tipps f\u00fcr Ihren Urlaub","url":"https:\/\/www.la-palma24.com\/blog\/","logo":{"@type":"ImageObject","inLanguage":"de-DE","@id":"https:\/\/www.la-palma24.com\/blog\/#\/schema\/logo\/image\/","url":"https:\/\/www.la-palma24.com\/blog\/wp-content\/uploads\/2017\/05\/cropped-Logo-Lapalma24-rentacar.png","contentUrl":"https:\/\/www.la-palma24.com\/blog\/wp-content\/uploads\/2017\/05\/cropped-Logo-Lapalma24-rentacar.png","width":200,"height":137,"caption":"La Palma Autovermietung - aktuelle Infos und Tipps f\u00fcr Ihren Urlaub"},"image":{"@id":"https:\/\/www.la-palma24.com\/blog\/#\/schema\/logo\/image\/"}}]}},"_links":{"self":[{"href":"https:\/\/www.la-palma24.com\/blog\/wp-json\/wp\/v2\/pages\/194"}],"collection":[{"href":"https:\/\/www.la-palma24.com\/blog\/wp-json\/wp\/v2\/pages"}],"about":[{"href":"https:\/\/www.la-palma24.com\/blog\/wp-json\/wp\/v2\/types\/page"}],"author":[{"embeddable":true,"href":"https:\/\/www.la-palma24.com\/blog\/wp-json\/wp\/v2\/users\/1"}],"replies":[{"embeddable":true,"href":"https:\/\/www.la-palma24.com\/blog\/wp-json\/wp\/v2\/comments?post=194"}],"version-history":[{"count":0,"href":"https:\/\/www.la-palma24.com\/blog\/wp-json\/wp\/v2\/pages\/194\/revisions"}],"wp:attachment":[{"href":"https:\/\/www.la-palma24.com\/blog\/wp-json\/wp\/v2\/media?parent=194"}],"curies":[{"name":"wp","href":"https:\/\/api.w.org\/{rel}","templated":true}]}}