{"id":192,"date":"2017-05-08T13:21:51","date_gmt":"2017-05-08T13:21:51","guid":{"rendered":"http:\/\/www.la-palma24.com\/blog\/?page_id=192"},"modified":"2017-05-10T12:54:46","modified_gmt":"2017-05-10T12:54:46","slug":"datenschutz","status":"publish","type":"page","link":"https:\/\/www.la-palma24.com\/blog\/datenschutz\/","title":{"rendered":"Datenschutz"},"content":{"rendered":"<h2><span style=\"font-size: 14pt;\">1. Recabaci\u00f3n y tratamiento de datos<\/span><\/h2>\n<p>Cualquier acceso o visita a nuestra p\u00e1gina web y a los archivos contenidos en \u00e9sta queda registrado en un protocolo. Este registro se realiza a efectos sist\u00e9micos y estad\u00edsticos internos. Los datos consignados en el protocolo son los siguientes: Nombre del archivo consultado, fecha y hora de acceso, volumen de datos transferidos, notificaci\u00f3n positiva de acceso, navegador web y dominio del que proviene la solicitud de acceso.<\/p>\n<p>Adicionalmente, quedan registradas las direcciones IP de los ordenadores de los que proviene la solicitud de acceso.<\/p>\n<p>Cualesquiera otros datos de car\u00e1cter personal s\u00f3lo ser\u00e1n recabados si usted los facilita voluntariamente, como es el caso al hacer una pregunta o consulta o al registrarse.<\/p>\n<h2><span style=\"font-size: 14pt;\">2. Uso y cesi\u00f3n de datos de car\u00e1cter personal<\/span><\/h2>\n<p>Sus datos personales s\u00f3lo ser\u00e1n cedidos o transmitidos a terceros en caso necesario a efectos de ejecuci\u00f3n de contrato, especialmente en lo referido a la transmisi\u00f3n de datos de pedidos a proveedores, as\u00ed como a efectos de facturaci\u00f3n o en caso de que haya prestado previamente su consentimiento. Tiene usted derecho a revocar el consentimiento prestado en cualquier momento con efectos para el futuro.<\/p>\n<h2><span style=\"font-size: 14pt;\">3. Derecho de informaci\u00f3n<\/span><\/h2>\n<p>Previa solicitud por escrito, le informaremos gustosamente sobre los datos almacenados relativos a su persona.<\/p>\n<h2><span style=\"font-size: 14pt;\">4. Protecci\u00f3n de datos<\/span><\/h2>\n<p>Nosotros, Nguyen y Weinrich S.L., nos tomamos muy en serio la protecci\u00f3n de sus datos personales, observando con rigor la legislaci\u00f3n vigente sobre protecci\u00f3n de datos de car\u00e1cter personal. Estos datos s\u00f3lo son recabados en nuestra p\u00e1gina web en la medida en que sea t\u00e9cnicamente necesario. En ning\u00fan caso, los datos recabados son vendidos o cedidos por otra causa a terceros.<br \/>\nLa declaraci\u00f3n que sigue le dar\u00e1 una informaci\u00f3n general sobre la forma en la que garantizamos esta protecci\u00f3n, as\u00ed como la clase de datos que se recaban y con qu\u00e9 fin.<\/p>\n<h2><span style=\"font-size: 14pt;\">5. Tratamiento de datos en este sitio web<\/span><\/h2>\n<p>La empresa Nguyen y Weinrich S.L. recaba y almacena autom\u00e1ticamente en su servidor informaciones de archivos de registro que su navegador nos transmita. Estas son:<br \/>\nTipo y versi\u00f3n de navegador web.<\/p>\n<p>Sistema operativo utilizado.<\/p>\n<p>URL de referencia (p\u00e1gina visitada anteriormente)<br \/>\nNombre del ordenador principal (host) (direcci\u00f3n IP)<br \/>\nHora de la solicitud de acceso del servidor.<\/p>\n<p>Estos datos no son atribuibles por parte la empresa Nguyen y Weinrich S.L. a personas concretas, no uni\u00e9ndose tampoco a otras fuentes de datos y siendo adem\u00e1s eliminados tras la evaluaci\u00f3n estad\u00edstica.<\/p>\n<h2><span style=\"font-size: 14pt;\">6. La seguridad de sus datos de car\u00e1cter personal<\/span><\/h2>\n<p>La empresa Nguyen y Weinrich S.L. protege sus datos de car\u00e1cter personal del acceso, utilizaci\u00f3n y publicaci\u00f3n no autorizados de los mismos, y se ocupa de que las informaciones de car\u00e1cter personal que usted almacene en el servidor se encuentren en un contexto controlado y seguro que impida el acceso no autorizado y la publicaci\u00f3n. En caso de transmisi\u00f3n de informaciones personales relevantes, como el n\u00famero de tarjeta de cr\u00e9dito, \u00e9stas se protegen mediante el sistema codificado \u201cSecure Socket Layer\u201d (SSL).<\/p>\n<p>Por favor tenga en cuenta que las informaciones de car\u00e1cter personal que publique en \u00e1reas de acceso p\u00fablico, como en el libro de visita, etc., pueden ser objeto de uso indebido por parte de otros usuarios.<\/p>\n<h2><span style=\"font-size: 14pt;\">7. Cesi\u00f3n de sus datos<\/span><\/h2>\n<p>La empresa Nguyen y Weinrich S.L. no ceder\u00e1 a terceros los datos de car\u00e1cter personal transmitidos por usted, excepto en lo necesario para la gesti\u00f3n del tr\u00e1fico comercial, limit\u00e1ndose en este caso al m\u00ednimo exigible.<\/p>\n<p>No obstante, en caso de que la empresa Nguyen y Weinrich S.L. se vea obligada por resoluci\u00f3n judicial a la cesi\u00f3n de datos personales de clientes, estos \u00fanicamente ser\u00e1n cedidos a instituciones y autoridades estatales con derecho a esta informaci\u00f3n.<\/p>\n<h2><span style=\"font-size: 14pt;\">8. Modificaci\u00f3n de estas disposiciones relativas a la de protecci\u00f3n de datos<\/span><\/h2>\n<p>La empresa Nguyen y Weinrich S.L. se reserva el derecho de modificar estas medidas de seguridad y protecci\u00f3n de datos en tanto que pueda resultar necesario a causa de la evoluci\u00f3n tecnol\u00f3gica. En tal caso, adaptaremos convenientemente nuestras advertencias sobre protecci\u00f3n de datos. Por ello, rogamos preste atenci\u00f3n a nuestra versi\u00f3n respectivamente actualizada de la declaraci\u00f3n de protecci\u00f3n de datos.<\/p>\n<h2><span style=\"font-size: 14pt;\">9. Ni\u00f1os<\/span><\/h2>\n<p>Los menores de 18 a\u00f1os no deber\u00edan facilitarnos datos de car\u00e1cter personal sin el consentimiento de sus padres o tutores. No solicitamos, recabamos ni cedemos a terceros datos personales de ni\u00f1os y adolescentes.<\/p>\n<h2><span style=\"font-size: 14pt;\">10. Derecho de informaci\u00f3n<\/span><\/h2>\n<p>Usted tiene en todo momento derecho a recibir informaci\u00f3n sobre los datos almacenados relativos a su persona, as\u00ed como sobre su proveniencia, destinatario y la finalidad del tratamiento de los mismos. Puede solicitar informaci\u00f3n sobre los datos almacenados enviando un e-mail a esta direcci\u00f3n: auto@la-palma24.net.<\/p>\n<h2><span style=\"font-size: 14pt;\">11. Otras informaciones<\/span><\/h2>\n<p>Nos importa contar con su confianza. Por eso queremos darle cuenta en todo momento del tratamiento de sus datos de car\u00e1cter personal. Si desea alguna informaci\u00f3n que no haya encontrado en esta declaraci\u00f3n de protecci\u00f3n de datos o m\u00e1s detalles con respecto a alguno de sus puntos, por favor, dir\u00edjase a nosotros envi\u00e1ndonos un e-mail a esta direcci\u00f3n: auto@la-palma24.net.<\/p>\n","protected":false},"excerpt":{"rendered":"<p>1. Recabaci\u00f3n y tratamiento de datos Cualquier acceso o visita a nuestra p\u00e1gina web y a los archivos contenidos en \u00e9sta queda registrado en un protocolo. Este registro se realiza a efectos sist\u00e9micos y estad\u00edsticos internos. Los datos consignados en el protocolo son los siguientes: Nombre del archivo consultado, fecha y hora de acceso, volumen <a class=\"more-link\" href=\"https:\/\/www.la-palma24.com\/blog\/datenschutz\/\">weiterlesen&#8230;<\/a><\/p>\n","protected":false},"author":1,"featured_media":0,"parent":0,"menu_order":0,"comment_status":"closed","ping_status":"closed","template":"","meta":{"footnotes":""},"yoast_head":"<!-- This site is optimized with the Yoast SEO plugin v22.2 - https:\/\/yoast.com\/wordpress\/plugins\/seo\/ -->\n<title>Datenschutz | La Palma Autovermietung - aktuelle Infos und Tipps f\u00fcr Ihren Urlaub<\/title>\n<meta name=\"description\" content=\"Informaci\u00f3n sobre el tratamiento de los datos personales de los visitantes de la web.\" \/>\n<meta name=\"robots\" content=\"index, follow, max-snippet:-1, max-image-preview:large, max-video-preview:-1\" \/>\n<link rel=\"canonical\" href=\"https:\/\/www.la-palma24.com\/blog\/datenschutz\/\" \/>\n<meta property=\"og:locale\" content=\"de_DE\" \/>\n<meta property=\"og:type\" content=\"article\" \/>\n<meta property=\"og:title\" content=\"Datenschutz | La Palma Autovermietung - aktuelle Infos und Tipps f\u00fcr Ihren Urlaub\" \/>\n<meta property=\"og:description\" content=\"Informaci\u00f3n sobre el tratamiento de los datos personales de los visitantes de la web.\" \/>\n<meta property=\"og:url\" content=\"https:\/\/www.la-palma24.com\/blog\/datenschutz\/\" \/>\n<meta property=\"og:site_name\" content=\"La Palma Autovermietung - aktuelle Infos und Tipps f\u00fcr Ihren Urlaub\" \/>\n<meta property=\"article:modified_time\" content=\"2017-05-10T12:54:46+00:00\" \/>\n<meta name=\"twitter:card\" content=\"summary_large_image\" \/>\n<meta name=\"twitter:label1\" content=\"Gesch\u00e4tzte Lesezeit\" \/>\n\t<meta name=\"twitter:data1\" content=\"5 Minuten\" \/>\n<script type=\"application\/ld+json\" class=\"yoast-schema-graph\">{\"@context\":\"https:\/\/schema.org\",\"@graph\":[{\"@type\":\"WebPage\",\"@id\":\"https:\/\/www.la-palma24.com\/blog\/datenschutz\/\",\"url\":\"https:\/\/www.la-palma24.com\/blog\/datenschutz\/\",\"name\":\"Datenschutz | La Palma Autovermietung - aktuelle Infos und Tipps f\u00fcr Ihren Urlaub\",\"isPartOf\":{\"@id\":\"https:\/\/www.la-palma24.com\/blog\/#website\"},\"datePublished\":\"2017-05-08T13:21:51+00:00\",\"dateModified\":\"2017-05-10T12:54:46+00:00\",\"description\":\"Informaci\u00f3n sobre el tratamiento de los datos personales de los visitantes de la web.\",\"breadcrumb\":{\"@id\":\"https:\/\/www.la-palma24.com\/blog\/datenschutz\/#breadcrumb\"},\"inLanguage\":\"de-DE\",\"potentialAction\":[{\"@type\":\"ReadAction\",\"target\":[\"https:\/\/www.la-palma24.com\/blog\/datenschutz\/\"]}]},{\"@type\":\"BreadcrumbList\",\"@id\":\"https:\/\/www.la-palma24.com\/blog\/datenschutz\/#breadcrumb\",\"itemListElement\":[{\"@type\":\"ListItem\",\"position\":1,\"name\":\"Startseite\",\"item\":\"https:\/\/www.la-palma24.com\/blog\/\"},{\"@type\":\"ListItem\",\"position\":2,\"name\":\"Datenschutz\"}]},{\"@type\":\"WebSite\",\"@id\":\"https:\/\/www.la-palma24.com\/blog\/#website\",\"url\":\"https:\/\/www.la-palma24.com\/blog\/\",\"name\":\"La Palma Autovermietung - aktuelle Infos und Tipps f\u00fcr Ihren Urlaub\",\"description\":\"La Palma Blog f\u00fcr Mietwagen und Motorr\u00e4der. Hier finden Sie stets aktuelle Sonderangebote unserer Fahrzeuge sowie aktuelle und wichtige Hinweise f\u00fcr Ihren La Palma Urlaub.\",\"publisher\":{\"@id\":\"https:\/\/www.la-palma24.com\/blog\/#organization\"},\"potentialAction\":[{\"@type\":\"SearchAction\",\"target\":{\"@type\":\"EntryPoint\",\"urlTemplate\":\"https:\/\/www.la-palma24.com\/blog\/?s={search_term_string}\"},\"query-input\":\"required name=search_term_string\"}],\"inLanguage\":\"de-DE\"},{\"@type\":\"Organization\",\"@id\":\"https:\/\/www.la-palma24.com\/blog\/#organization\",\"name\":\"La Palma Autovermietung - aktuelle Infos und Tipps f\u00fcr Ihren Urlaub\",\"url\":\"https:\/\/www.la-palma24.com\/blog\/\",\"logo\":{\"@type\":\"ImageObject\",\"inLanguage\":\"de-DE\",\"@id\":\"https:\/\/www.la-palma24.com\/blog\/#\/schema\/logo\/image\/\",\"url\":\"https:\/\/www.la-palma24.com\/blog\/wp-content\/uploads\/2017\/05\/cropped-Logo-Lapalma24-rentacar.png\",\"contentUrl\":\"https:\/\/www.la-palma24.com\/blog\/wp-content\/uploads\/2017\/05\/cropped-Logo-Lapalma24-rentacar.png\",\"width\":200,\"height\":137,\"caption\":\"La Palma Autovermietung - aktuelle Infos und Tipps f\u00fcr Ihren Urlaub\"},\"image\":{\"@id\":\"https:\/\/www.la-palma24.com\/blog\/#\/schema\/logo\/image\/\"}}]}<\/script>\n<!-- \/ Yoast SEO plugin. -->","yoast_head_json":{"title":"Datenschutz | La Palma Autovermietung - aktuelle Infos und Tipps f\u00fcr Ihren Urlaub","description":"Informaci\u00f3n sobre el tratamiento de los datos personales de los visitantes de la web.","robots":{"index":"index","follow":"follow","max-snippet":"max-snippet:-1","max-image-preview":"max-image-preview:large","max-video-preview":"max-video-preview:-1"},"canonical":"https:\/\/www.la-palma24.com\/blog\/datenschutz\/","og_locale":"de_DE","og_type":"article","og_title":"Datenschutz | La Palma Autovermietung - aktuelle Infos und Tipps f\u00fcr Ihren Urlaub","og_description":"Informaci\u00f3n sobre el tratamiento de los datos personales de los visitantes de la web.","og_url":"https:\/\/www.la-palma24.com\/blog\/datenschutz\/","og_site_name":"La Palma Autovermietung - aktuelle Infos und Tipps f\u00fcr Ihren Urlaub","article_modified_time":"2017-05-10T12:54:46+00:00","twitter_card":"summary_large_image","twitter_misc":{"Gesch\u00e4tzte Lesezeit":"5 Minuten"},"schema":{"@context":"https:\/\/schema.org","@graph":[{"@type":"WebPage","@id":"https:\/\/www.la-palma24.com\/blog\/datenschutz\/","url":"https:\/\/www.la-palma24.com\/blog\/datenschutz\/","name":"Datenschutz | La Palma Autovermietung - aktuelle Infos und Tipps f\u00fcr Ihren Urlaub","isPartOf":{"@id":"https:\/\/www.la-palma24.com\/blog\/#website"},"datePublished":"2017-05-08T13:21:51+00:00","dateModified":"2017-05-10T12:54:46+00:00","description":"Informaci\u00f3n sobre el tratamiento de los datos personales de los visitantes de la web.","breadcrumb":{"@id":"https:\/\/www.la-palma24.com\/blog\/datenschutz\/#breadcrumb"},"inLanguage":"de-DE","potentialAction":[{"@type":"ReadAction","target":["https:\/\/www.la-palma24.com\/blog\/datenschutz\/"]}]},{"@type":"BreadcrumbList","@id":"https:\/\/www.la-palma24.com\/blog\/datenschutz\/#breadcrumb","itemListElement":[{"@type":"ListItem","position":1,"name":"Startseite","item":"https:\/\/www.la-palma24.com\/blog\/"},{"@type":"ListItem","position":2,"name":"Datenschutz"}]},{"@type":"WebSite","@id":"https:\/\/www.la-palma24.com\/blog\/#website","url":"https:\/\/www.la-palma24.com\/blog\/","name":"La Palma Autovermietung - aktuelle Infos und Tipps f\u00fcr Ihren Urlaub","description":"La Palma Blog f\u00fcr Mietwagen und Motorr\u00e4der. Hier finden Sie stets aktuelle Sonderangebote unserer Fahrzeuge sowie aktuelle und wichtige Hinweise f\u00fcr Ihren La Palma Urlaub.","publisher":{"@id":"https:\/\/www.la-palma24.com\/blog\/#organization"},"potentialAction":[{"@type":"SearchAction","target":{"@type":"EntryPoint","urlTemplate":"https:\/\/www.la-palma24.com\/blog\/?s={search_term_string}"},"query-input":"required name=search_term_string"}],"inLanguage":"de-DE"},{"@type":"Organization","@id":"https:\/\/www.la-palma24.com\/blog\/#organization","name":"La Palma Autovermietung - aktuelle Infos und Tipps f\u00fcr Ihren Urlaub","url":"https:\/\/www.la-palma24.com\/blog\/","logo":{"@type":"ImageObject","inLanguage":"de-DE","@id":"https:\/\/www.la-palma24.com\/blog\/#\/schema\/logo\/image\/","url":"https:\/\/www.la-palma24.com\/blog\/wp-content\/uploads\/2017\/05\/cropped-Logo-Lapalma24-rentacar.png","contentUrl":"https:\/\/www.la-palma24.com\/blog\/wp-content\/uploads\/2017\/05\/cropped-Logo-Lapalma24-rentacar.png","width":200,"height":137,"caption":"La Palma Autovermietung - aktuelle Infos und Tipps f\u00fcr Ihren Urlaub"},"image":{"@id":"https:\/\/www.la-palma24.com\/blog\/#\/schema\/logo\/image\/"}}]}},"_links":{"self":[{"href":"https:\/\/www.la-palma24.com\/blog\/wp-json\/wp\/v2\/pages\/192"}],"collection":[{"href":"https:\/\/www.la-palma24.com\/blog\/wp-json\/wp\/v2\/pages"}],"about":[{"href":"https:\/\/www.la-palma24.com\/blog\/wp-json\/wp\/v2\/types\/page"}],"author":[{"embeddable":true,"href":"https:\/\/www.la-palma24.com\/blog\/wp-json\/wp\/v2\/users\/1"}],"replies":[{"embeddable":true,"href":"https:\/\/www.la-palma24.com\/blog\/wp-json\/wp\/v2\/comments?post=192"}],"version-history":[{"count":0,"href":"https:\/\/www.la-palma24.com\/blog\/wp-json\/wp\/v2\/pages\/192\/revisions"}],"wp:attachment":[{"href":"https:\/\/www.la-palma24.com\/blog\/wp-json\/wp\/v2\/media?parent=192"}],"curies":[{"name":"wp","href":"https:\/\/api.w.org\/{rel}","templated":true}]}}