{"id":188,"date":"2017-05-08T13:20:20","date_gmt":"2017-05-08T13:20:20","guid":{"rendered":"http:\/\/www.la-palma24.com\/blog\/?page_id=188"},"modified":"2023-08-04T12:04:53","modified_gmt":"2023-08-04T12:04:53","slug":"impressum","status":"publish","type":"page","link":"https:\/\/www.la-palma24.com\/blog\/impressum\/","title":{"rendered":"Impressum"},"content":{"rendered":"<div  class=\"lgc-column lgc-grid-parent lgc-grid-50 lgc-tablet-grid-50 lgc-mobile-grid-100 lgc-equal-heights \"><div  class=\"inside-grid-column\">\n<h2><span style=\"font-size: 14pt;\"><strong>Anschrift<\/strong>:<\/span><\/h2>\n<p>Nguyen y Weinrich, S.L.<br \/>\nC.I.F. : B38687315<br \/>\nCalle Fern\u00e1ndez Ta\u00f1o, 5<br \/>\n38760 Los Llanos de Aridane<br \/>\nLa Palma \/ Kanarische Inseln<br \/>\nTel.\u00a0 +34 922 46 18 19<br \/>\n<\/p><\/div><\/div>\n<div  class=\"lgc-column lgc-grid-parent lgc-grid-50 lgc-tablet-grid-50 lgc-mobile-grid-100 lgc-equal-heights \"><div  class=\"inside-grid-column\">\n<h2><span style=\"font-size: 14pt;\"><strong>Gesch\u00e4ftsf\u00fchrer:<\/strong><\/span><\/h2>\n<p><strong>Michael Nguyen<\/strong><br \/>\nHandy: +34 626 84 22 22<\/p>\n<p><strong>Daniel Schumann<\/strong><br \/>\nHandy: +34 637 55 92 62<\/p>\n<p>E-Mail: auto@la-palma24.net<br \/>\n<\/p><\/div><\/div>\n","protected":false},"excerpt":{"rendered":"","protected":false},"author":1,"featured_media":0,"parent":0,"menu_order":0,"comment_status":"closed","ping_status":"closed","template":"","meta":{"footnotes":""},"yoast_head":"<!-- This site is optimized with the Yoast SEO plugin v22.2 - https:\/\/yoast.com\/wordpress\/plugins\/seo\/ -->\n<title>Impressum | La Palma Autovermietung - aktuelle Infos und Tipps f\u00fcr Ihren Urlaub<\/title>\n<meta name=\"description\" content=\"Datos de la empresa responsable del Blog.\" \/>\n<meta name=\"robots\" content=\"index, follow, max-snippet:-1, max-image-preview:large, max-video-preview:-1\" \/>\n<link rel=\"canonical\" href=\"https:\/\/www.la-palma24.com\/blog\/impressum\/\" \/>\n<meta property=\"og:locale\" content=\"de_DE\" \/>\n<meta property=\"og:type\" content=\"article\" \/>\n<meta property=\"og:title\" content=\"Impressum | La Palma Autovermietung - aktuelle Infos und Tipps f\u00fcr Ihren Urlaub\" \/>\n<meta property=\"og:description\" content=\"Datos de la empresa responsable del Blog.\" \/>\n<meta property=\"og:url\" content=\"https:\/\/www.la-palma24.com\/blog\/impressum\/\" \/>\n<meta property=\"og:site_name\" content=\"La Palma Autovermietung - aktuelle Infos und Tipps f\u00fcr Ihren Urlaub\" \/>\n<meta property=\"article:modified_time\" content=\"2023-08-04T12:04:53+00:00\" \/>\n<meta name=\"twitter:card\" content=\"summary_large_image\" \/>\n<script type=\"application\/ld+json\" class=\"yoast-schema-graph\">{\"@context\":\"https:\/\/schema.org\",\"@graph\":[{\"@type\":\"WebPage\",\"@id\":\"https:\/\/www.la-palma24.com\/blog\/impressum\/\",\"url\":\"https:\/\/www.la-palma24.com\/blog\/impressum\/\",\"name\":\"Impressum | La Palma Autovermietung - aktuelle Infos und Tipps f\u00fcr Ihren Urlaub\",\"isPartOf\":{\"@id\":\"https:\/\/www.la-palma24.com\/blog\/#website\"},\"datePublished\":\"2017-05-08T13:20:20+00:00\",\"dateModified\":\"2023-08-04T12:04:53+00:00\",\"description\":\"Datos de la empresa responsable del Blog.\",\"breadcrumb\":{\"@id\":\"https:\/\/www.la-palma24.com\/blog\/impressum\/#breadcrumb\"},\"inLanguage\":\"de-DE\",\"potentialAction\":[{\"@type\":\"ReadAction\",\"target\":[\"https:\/\/www.la-palma24.com\/blog\/impressum\/\"]}]},{\"@type\":\"BreadcrumbList\",\"@id\":\"https:\/\/www.la-palma24.com\/blog\/impressum\/#breadcrumb\",\"itemListElement\":[{\"@type\":\"ListItem\",\"position\":1,\"name\":\"Startseite\",\"item\":\"https:\/\/www.la-palma24.com\/blog\/\"},{\"@type\":\"ListItem\",\"position\":2,\"name\":\"Impressum\"}]},{\"@type\":\"WebSite\",\"@id\":\"https:\/\/www.la-palma24.com\/blog\/#website\",\"url\":\"https:\/\/www.la-palma24.com\/blog\/\",\"name\":\"La Palma Autovermietung - aktuelle Infos und Tipps f\u00fcr Ihren Urlaub\",\"description\":\"La Palma Blog f\u00fcr Mietwagen und Motorr\u00e4der. Hier finden Sie stets aktuelle Sonderangebote unserer Fahrzeuge sowie aktuelle und wichtige Hinweise f\u00fcr Ihren La Palma Urlaub.\",\"publisher\":{\"@id\":\"https:\/\/www.la-palma24.com\/blog\/#organization\"},\"potentialAction\":[{\"@type\":\"SearchAction\",\"target\":{\"@type\":\"EntryPoint\",\"urlTemplate\":\"https:\/\/www.la-palma24.com\/blog\/?s={search_term_string}\"},\"query-input\":\"required name=search_term_string\"}],\"inLanguage\":\"de-DE\"},{\"@type\":\"Organization\",\"@id\":\"https:\/\/www.la-palma24.com\/blog\/#organization\",\"name\":\"La Palma Autovermietung - aktuelle Infos und Tipps f\u00fcr Ihren Urlaub\",\"url\":\"https:\/\/www.la-palma24.com\/blog\/\",\"logo\":{\"@type\":\"ImageObject\",\"inLanguage\":\"de-DE\",\"@id\":\"https:\/\/www.la-palma24.com\/blog\/#\/schema\/logo\/image\/\",\"url\":\"https:\/\/www.la-palma24.com\/blog\/wp-content\/uploads\/2017\/05\/cropped-Logo-Lapalma24-rentacar.png\",\"contentUrl\":\"https:\/\/www.la-palma24.com\/blog\/wp-content\/uploads\/2017\/05\/cropped-Logo-Lapalma24-rentacar.png\",\"width\":200,\"height\":137,\"caption\":\"La Palma Autovermietung - aktuelle Infos und Tipps f\u00fcr Ihren Urlaub\"},\"image\":{\"@id\":\"https:\/\/www.la-palma24.com\/blog\/#\/schema\/logo\/image\/\"}}]}<\/script>\n<!-- \/ Yoast SEO plugin. -->","yoast_head_json":{"title":"Impressum | La Palma Autovermietung - aktuelle Infos und Tipps f\u00fcr Ihren Urlaub","description":"Datos de la empresa responsable del Blog.","robots":{"index":"index","follow":"follow","max-snippet":"max-snippet:-1","max-image-preview":"max-image-preview:large","max-video-preview":"max-video-preview:-1"},"canonical":"https:\/\/www.la-palma24.com\/blog\/impressum\/","og_locale":"de_DE","og_type":"article","og_title":"Impressum | La Palma Autovermietung - aktuelle Infos und Tipps f\u00fcr Ihren Urlaub","og_description":"Datos de la empresa responsable del Blog.","og_url":"https:\/\/www.la-palma24.com\/blog\/impressum\/","og_site_name":"La Palma Autovermietung - aktuelle Infos und Tipps f\u00fcr Ihren Urlaub","article_modified_time":"2023-08-04T12:04:53+00:00","twitter_card":"summary_large_image","schema":{"@context":"https:\/\/schema.org","@graph":[{"@type":"WebPage","@id":"https:\/\/www.la-palma24.com\/blog\/impressum\/","url":"https:\/\/www.la-palma24.com\/blog\/impressum\/","name":"Impressum | La Palma Autovermietung - aktuelle Infos und Tipps f\u00fcr Ihren Urlaub","isPartOf":{"@id":"https:\/\/www.la-palma24.com\/blog\/#website"},"datePublished":"2017-05-08T13:20:20+00:00","dateModified":"2023-08-04T12:04:53+00:00","description":"Datos de la empresa responsable del Blog.","breadcrumb":{"@id":"https:\/\/www.la-palma24.com\/blog\/impressum\/#breadcrumb"},"inLanguage":"de-DE","potentialAction":[{"@type":"ReadAction","target":["https:\/\/www.la-palma24.com\/blog\/impressum\/"]}]},{"@type":"BreadcrumbList","@id":"https:\/\/www.la-palma24.com\/blog\/impressum\/#breadcrumb","itemListElement":[{"@type":"ListItem","position":1,"name":"Startseite","item":"https:\/\/www.la-palma24.com\/blog\/"},{"@type":"ListItem","position":2,"name":"Impressum"}]},{"@type":"WebSite","@id":"https:\/\/www.la-palma24.com\/blog\/#website","url":"https:\/\/www.la-palma24.com\/blog\/","name":"La Palma Autovermietung - aktuelle Infos und Tipps f\u00fcr Ihren Urlaub","description":"La Palma Blog f\u00fcr Mietwagen und Motorr\u00e4der. Hier finden Sie stets aktuelle Sonderangebote unserer Fahrzeuge sowie aktuelle und wichtige Hinweise f\u00fcr Ihren La Palma Urlaub.","publisher":{"@id":"https:\/\/www.la-palma24.com\/blog\/#organization"},"potentialAction":[{"@type":"SearchAction","target":{"@type":"EntryPoint","urlTemplate":"https:\/\/www.la-palma24.com\/blog\/?s={search_term_string}"},"query-input":"required name=search_term_string"}],"inLanguage":"de-DE"},{"@type":"Organization","@id":"https:\/\/www.la-palma24.com\/blog\/#organization","name":"La Palma Autovermietung - aktuelle Infos und Tipps f\u00fcr Ihren Urlaub","url":"https:\/\/www.la-palma24.com\/blog\/","logo":{"@type":"ImageObject","inLanguage":"de-DE","@id":"https:\/\/www.la-palma24.com\/blog\/#\/schema\/logo\/image\/","url":"https:\/\/www.la-palma24.com\/blog\/wp-content\/uploads\/2017\/05\/cropped-Logo-Lapalma24-rentacar.png","contentUrl":"https:\/\/www.la-palma24.com\/blog\/wp-content\/uploads\/2017\/05\/cropped-Logo-Lapalma24-rentacar.png","width":200,"height":137,"caption":"La Palma Autovermietung - aktuelle Infos und Tipps f\u00fcr Ihren Urlaub"},"image":{"@id":"https:\/\/www.la-palma24.com\/blog\/#\/schema\/logo\/image\/"}}]}},"_links":{"self":[{"href":"https:\/\/www.la-palma24.com\/blog\/wp-json\/wp\/v2\/pages\/188"}],"collection":[{"href":"https:\/\/www.la-palma24.com\/blog\/wp-json\/wp\/v2\/pages"}],"about":[{"href":"https:\/\/www.la-palma24.com\/blog\/wp-json\/wp\/v2\/types\/page"}],"author":[{"embeddable":true,"href":"https:\/\/www.la-palma24.com\/blog\/wp-json\/wp\/v2\/users\/1"}],"replies":[{"embeddable":true,"href":"https:\/\/www.la-palma24.com\/blog\/wp-json\/wp\/v2\/comments?post=188"}],"version-history":[{"count":2,"href":"https:\/\/www.la-palma24.com\/blog\/wp-json\/wp\/v2\/pages\/188\/revisions"}],"predecessor-version":[{"id":1373,"href":"https:\/\/www.la-palma24.com\/blog\/wp-json\/wp\/v2\/pages\/188\/revisions\/1373"}],"wp:attachment":[{"href":"https:\/\/www.la-palma24.com\/blog\/wp-json\/wp\/v2\/media?parent=188"}],"curies":[{"name":"wp","href":"https:\/\/api.w.org\/{rel}","templated":true}]}}